{"id":17,"date":"2026-02-28T13:39:40","date_gmt":"2026-02-28T13:39:40","guid":{"rendered":"https:\/\/veloraevents.dk\/?page_id=17"},"modified":"2026-02-28T22:23:10","modified_gmt":"2026-02-28T22:23:10","slug":"contact-2","status":"publish","type":"page","link":"https:\/\/veloraevents.dk\/index.php\/contact-2\/","title":{"rendered":"Contact"},"content":{"rendered":"\n<div class=\"wp-block-group\"><div class=\"wp-block-group__inner-container is-layout-constrained wp-block-group-is-layout-constrained\">\n<div class=\"wp-block-columns are-vertically-aligned-top is-layout-flex wp-container-core-columns-is-layout-d7d455e7 wp-block-columns-is-layout-flex\" style=\"padding-top:0;padding-right:0;padding-bottom:0;padding-left:0\">\n<div class=\"wp-block-column is-vertically-aligned-top is-layout-flow wp-block-column-is-layout-flow\" style=\"padding-right:7%;flex-basis:50%\">\n<h2 class=\"wp-block-heading has-large-font-size\">Klar til at holde din n\u00e6ste store fest?<\/h2>\n\n\n\n<p>Kontakt Veloraevents, og lad os hj\u00e6lpe dig med at planl\u00e6gge din n\u00e6ste store fest. Vi gl\u00e6der os til at tale med jer og til at bidrage til, at jeres arrangement bliver b\u00e5de spektakul\u00e6rt og uforglemmeligt. Hos Veloraevents g\u00e5r vi aldrig p\u00e5 kompromis med dine tanker, id\u00e9er og \u00f8nsker.<br><\/p>\n<\/div>\n\n\n\n<div class=\"wp-block-column is-vertically-aligned-top is-layout-flow wp-block-column-is-layout-flow\" style=\"flex-basis:50%\"><\/div>\n<\/div>\n\n\n\n<div style=\"height:135px\" aria-hidden=\"true\" class=\"wp-block-spacer\"><\/div>\n<\/div><\/div>\n\n\n\n\n\n<div class=\"wp-block-group alignfull\"><div class=\"wp-block-group__inner-container is-layout-constrained wp-container-core-group-is-layout-19e250f3 wp-block-group-is-layout-constrained\"><\/div><\/div>\n","protected":false},"excerpt":{"rendered":"<p>Klar til at holde din n\u00e6ste store fest? Kontakt Veloraevents, og lad os hj\u00e6lpe dig med at planl\u00e6gge din n\u00e6ste store fest. Vi gl\u00e6der os til at tale med jer og til at bidrage til, at jeres arrangement bliver b\u00e5de spektakul\u00e6rt og uforglemmeligt. Hos Veloraevents g\u00e5r vi aldrig p\u00e5 kompromis med dine tanker, id\u00e9er og [&hellip;]<\/p>\n","protected":false},"author":1,"featured_media":14,"parent":0,"menu_order":0,"comment_status":"closed","ping_status":"closed","template":"page-contact-template","meta":{"saved_in_kubio":true,"footnotes":""},"class_list":["post-17","page","type-page","status-publish","has-post-thumbnail","hentry"],"kubio_ai_page_context":{"short_desc":"","purpose":"general"},"_links":{"self":[{"href":"https:\/\/veloraevents.dk\/index.php\/wp-json\/wp\/v2\/pages\/17","targetHints":{"allow":["GET"]}}],"collection":[{"href":"https:\/\/veloraevents.dk\/index.php\/wp-json\/wp\/v2\/pages"}],"about":[{"href":"https:\/\/veloraevents.dk\/index.php\/wp-json\/wp\/v2\/types\/page"}],"author":[{"embeddable":true,"href":"https:\/\/veloraevents.dk\/index.php\/wp-json\/wp\/v2\/users\/1"}],"replies":[{"embeddable":true,"href":"https:\/\/veloraevents.dk\/index.php\/wp-json\/wp\/v2\/comments?post=17"}],"version-history":[{"count":4,"href":"https:\/\/veloraevents.dk\/index.php\/wp-json\/wp\/v2\/pages\/17\/revisions"}],"predecessor-version":[{"id":203,"href":"https:\/\/veloraevents.dk\/index.php\/wp-json\/wp\/v2\/pages\/17\/revisions\/203"}],"wp:featuredmedia":[{"embeddable":true,"href":"https:\/\/veloraevents.dk\/index.php\/wp-json\/wp\/v2\/media\/14"}],"wp:attachment":[{"href":"https:\/\/veloraevents.dk\/index.php\/wp-json\/wp\/v2\/media?parent=17"}],"curies":[{"name":"wp","href":"https:\/\/api.w.org\/{rel}","templated":true}]}}